{"id":42,"date":"2017-08-06T22:29:16","date_gmt":"2017-08-06T19:29:16","guid":{"rendered":"https:\/\/kuninkaantie.fi\/?page_id=42"},"modified":"2018-01-26T22:34:57","modified_gmt":"2018-01-26T20:34:57","slug":"kartta","status":"publish","type":"page","link":"https:\/\/kuninkaantie.fi\/fi\/kartta\/","title":{"rendered":"Kartta"},"content":{"rendered":"<p><iframe loading=\"lazy\" src=\"https:\/\/www.google.com\/maps\/d\/u\/0\/embed?mid=1Uzw6SbQ2RfqEryeeolJvjvMAMj3OA2qT\" width=\"640\" height=\"480\"><\/iframe><\/p>\n","protected":false},"excerpt":{"rendered":"","protected":false},"author":4,"featured_media":0,"parent":0,"menu_order":0,"comment_status":"closed","ping_status":"closed","template":"","meta":{"jetpack_post_was_ever_published":false,"footnotes":""},"class_list":["post-42","page","type-page","status-publish","hentry"],"translation":{"provider":"WPGlobus","version":"3.0.2","language":"fi","enabled_languages":["en","fi","zh"],"languages":{"en":{"title":true,"content":true,"excerpt":false},"fi":{"title":true,"content":true,"excerpt":false},"zh":{"title":true,"content":true,"excerpt":false}}},"yoast_head":"<!-- This site is optimized with the Yoast SEO plugin v27.3 - https:\/\/yoast.com\/product\/yoast-seo-wordpress\/ -->\n<title>Kartta - Kuninkaantie<\/title>\n<meta name=\"robots\" content=\"index, follow, max-snippet:-1, max-image-preview:large, max-video-preview:-1\" \/>\n<link rel=\"canonical\" href=\"https:\/\/kuninkaantie.fi\/fi\/kartta\/\" \/>\n<meta property=\"og:locale\" content=\"fi_FI\" \/>\n<meta property=\"og:type\" content=\"article\" \/>\n<meta property=\"og:title\" content=\"Kartta - Kuninkaantie\" \/>\n<meta property=\"og:url\" content=\"https:\/\/kuninkaantie.fi\/fi\/kartta\/\" \/>\n<meta property=\"og:site_name\" content=\"Kuninkaantie\" \/>\n<meta property=\"article:modified_time\" content=\"2018-01-26T20:34:57+00:00\" \/>\n<meta name=\"twitter:card\" content=\"summary_large_image\" \/>\n<script type=\"application\/ld+json\" class=\"yoast-schema-graph\">{\"@context\":\"https:\\\/\\\/schema.org\",\"@graph\":[{\"@type\":\"WebPage\",\"@id\":\"https:\\\/\\\/kuninkaantie.fi\\\/fi\\\/kartta\\\/\",\"url\":\"https:\\\/\\\/kuninkaantie.fi\\\/fi\\\/kartta\\\/\",\"name\":\"Kartta - Kuninkaantie\",\"isPartOf\":{\"@id\":\"https:\\\/\\\/kuninkaantie.fi\\\/#website\"},\"datePublished\":\"2017-08-06T19:29:16+00:00\",\"dateModified\":\"2018-01-26T20:34:57+00:00\",\"breadcrumb\":{\"@id\":\"https:\\\/\\\/kuninkaantie.fi\\\/fi\\\/kartta\\\/#breadcrumb\"},\"inLanguage\":\"fi\",\"potentialAction\":[{\"@type\":\"ReadAction\",\"target\":[\"https:\\\/\\\/kuninkaantie.fi\\\/fi\\\/kartta\\\/\"]}]},{\"@type\":\"BreadcrumbList\",\"@id\":\"https:\\\/\\\/kuninkaantie.fi\\\/fi\\\/kartta\\\/#breadcrumb\",\"itemListElement\":[{\"@type\":\"ListItem\",\"position\":1,\"name\":\"Home\",\"item\":\"https:\\\/\\\/kuninkaantie.fi\\\/\"},{\"@type\":\"ListItem\",\"position\":2,\"name\":\"Kartta\"}]},{\"@type\":\"WebSite\",\"@id\":\"https:\\\/\\\/kuninkaantie.fi\\\/#website\",\"url\":\"https:\\\/\\\/kuninkaantie.fi\\\/\",\"name\":\"Kuninkaantie\",\"description\":\"historiallinen kauppatie\",\"potentialAction\":[{\"@type\":\"SearchAction\",\"target\":{\"@type\":\"EntryPoint\",\"urlTemplate\":\"https:\\\/\\\/kuninkaantie.fi\\\/?s={search_term_string}\"},\"query-input\":{\"@type\":\"PropertyValueSpecification\",\"valueRequired\":true,\"valueName\":\"search_term_string\"}}],\"inLanguage\":\"fi\"}]}<\/script>\n<!-- \/ Yoast SEO plugin. -->","yoast_head_json":{"title":"Kartta - Kuninkaantie","robots":{"index":"index","follow":"follow","max-snippet":"max-snippet:-1","max-image-preview":"max-image-preview:large","max-video-preview":"max-video-preview:-1"},"canonical":"https:\/\/kuninkaantie.fi\/fi\/kartta\/","og_locale":"fi_FI","og_type":"article","og_title":"Kartta - Kuninkaantie","og_url":"https:\/\/kuninkaantie.fi\/fi\/kartta\/","og_site_name":"Kuninkaantie","article_modified_time":"2018-01-26T20:34:57+00:00","twitter_card":"summary_large_image","schema":{"@context":"https:\/\/schema.org","@graph":[{"@type":"WebPage","@id":"https:\/\/kuninkaantie.fi\/fi\/kartta\/","url":"https:\/\/kuninkaantie.fi\/fi\/kartta\/","name":"Kartta - Kuninkaantie","isPartOf":{"@id":"https:\/\/kuninkaantie.fi\/#website"},"datePublished":"2017-08-06T19:29:16+00:00","dateModified":"2018-01-26T20:34:57+00:00","breadcrumb":{"@id":"https:\/\/kuninkaantie.fi\/fi\/kartta\/#breadcrumb"},"inLanguage":"fi","potentialAction":[{"@type":"ReadAction","target":["https:\/\/kuninkaantie.fi\/fi\/kartta\/"]}]},{"@type":"BreadcrumbList","@id":"https:\/\/kuninkaantie.fi\/fi\/kartta\/#breadcrumb","itemListElement":[{"@type":"ListItem","position":1,"name":"Home","item":"https:\/\/kuninkaantie.fi\/"},{"@type":"ListItem","position":2,"name":"Kartta"}]},{"@type":"WebSite","@id":"https:\/\/kuninkaantie.fi\/#website","url":"https:\/\/kuninkaantie.fi\/","name":"Kuninkaantie","description":"historiallinen kauppatie","potentialAction":[{"@type":"SearchAction","target":{"@type":"EntryPoint","urlTemplate":"https:\/\/kuninkaantie.fi\/?s={search_term_string}"},"query-input":{"@type":"PropertyValueSpecification","valueRequired":true,"valueName":"search_term_string"}}],"inLanguage":"fi"}]}},"jetpack_sharing_enabled":true,"jetpack_shortlink":"https:\/\/wp.me\/P92YTG-G","jetpack-related-posts":[{"id":55,"url":"https:\/\/kuninkaantie.fi\/fi\/places\/","url_meta":{"origin":42,"position":0},"title":"N\u00e4ht\u00e4vyydet","author":"Toimittaja","date":"06\/08\/2017","format":false,"excerpt":"{:fi}xxx{:}","rel":"","context":"Samankaltainen artikkeli","block_context":{"text":"Samankaltainen artikkeli","link":""},"img":{"alt_text":"","src":"","width":0,"height":0},"classes":[]},{"id":195,"url":"https:\/\/kuninkaantie.fi\/fi\/gallery\/","url_meta":{"origin":42,"position":1},"title":"Kuvagalleria","author":"TheKing","date":"30\/11\/2017","format":false,"excerpt":"","rel":"","context":"Samankaltainen artikkeli","block_context":{"text":"Samankaltainen artikkeli","link":""},"img":{"alt_text":"","src":"","width":0,"height":0},"classes":[]},{"id":212,"url":"https:\/\/kuninkaantie.fi\/fi\/verkosto\/","url_meta":{"origin":42,"position":2},"title":"Verkosto","author":"Toimittaja","date":"01\/01\/2018","format":false,"excerpt":"{:en}ER-tuki sivustoverkosto 1.1.2018 www.ertuki.fi\u00a0\u00a0\u00a0\u00a0\u00a0\u00a0\u00a0\u00a0 p\u00e4\u00e4sivusto Paikallisia ostossivustoja: www.ostalohjalta.fi\u00a0 www.ostavihdista.fi www.ostakirkkonummelta.fi www.kettujulkaisut.fi www.ykkoslohja.fi www.kettumarkkinointi.fi http:\/\/omalogo.fi\/ www.worldofbettingnews.com Teemasivuja http:\/\/kahvilapaiva.fi\/ https:\/\/kuninkaantie.fi\/ http:\/\/kuntavaalitlohja.fi\/ http:\/\/lohja2021.fi\/ http:\/\/www.kanarianasunnot.fi http:\/\/online-tilaus.com http:\/\/onelifesuomi.fi\/ http:\/\/veikkoinkorpi.fi http:\/\/pappilankorpi.fi http:\/\/www.ramon.fi{:}{:fi}ER-tuki sivustoverkosto 1.1.2018 www.ertuki.fi\u00a0\u00a0\u00a0\u00a0\u00a0\u00a0\u00a0\u00a0 p\u00e4\u00e4sivusto Paikallisia ostossivustoja: www.ostalohjalta.fi\u00a0 www.ostavihdista.fi www.ostakirkkonummelta.fi www.kettujulkaisut.fi www.ykkoslohja.fi www.kettumarkkinointi.fi http:\/\/omalogo.fi\/ www.worldofbettingnews.com Teemasivuja http:\/\/kahvilapaiva.fi\/ https:\/\/kuninkaantie.fi\/ http:\/\/kuntavaalitlohja.fi\/ http:\/\/lohja2021.fi\/ http:\/\/www.kanarianasunnot.fi http:\/\/online-tilaus.com http:\/\/onelifesuomi.fi\/ http:\/\/veikkoinkorpi.fi http:\/\/pappilankorpi.fi\u2026","rel":"","context":"Samankaltainen artikkeli","block_context":{"text":"Samankaltainen artikkeli","link":""},"img":{"alt_text":"","src":"","width":0,"height":0},"classes":[]},{"id":553,"url":"https:\/\/kuninkaantie.fi\/fi\/visibility-and-marketing-in-finland\/","url_meta":{"origin":42,"position":3},"title":"Visibility and marketing in Finland","author":"TheKing","date":"30\/11\/2018","format":false,"excerpt":"{:en}Finland is as any European contries, except we have less than 6 million people living in Finland. So market to sell services and products is not so big, and basically in all the marketing, you need to use Finnish language. We can help you to gain visibility Our services consists\u2026","rel":"","context":"Samankaltainen artikkeli","block_context":{"text":"Samankaltainen artikkeli","link":""},"img":{"alt_text":"","src":"https:\/\/i0.wp.com\/kuninkaantie.fi\/wp-content\/uploads\/2018\/11\/printtimateriaaleja.jpg?resize=350%2C200&ssl=1","width":350,"height":200,"srcset":"https:\/\/i0.wp.com\/kuninkaantie.fi\/wp-content\/uploads\/2018\/11\/printtimateriaaleja.jpg?resize=350%2C200&ssl=1 1x, https:\/\/i0.wp.com\/kuninkaantie.fi\/wp-content\/uploads\/2018\/11\/printtimateriaaleja.jpg?resize=525%2C300&ssl=1 1.5x, https:\/\/i0.wp.com\/kuninkaantie.fi\/wp-content\/uploads\/2018\/11\/printtimateriaaleja.jpg?resize=700%2C400&ssl=1 2x"},"classes":[]},{"id":1193,"url":"https:\/\/kuninkaantie.fi\/fi\/miksi-5-minuutin-kotiutus-on-teknisesti-mahdollinen-sepa-instant-ja-automaattihyvaksynta\/","url_meta":{"origin":42,"position":4},"title":"Miksi 5 minuutin kotiutus on teknisesti mahdollinen: SEPA Instant ja automaattihyv\u00e4ksynt\u00e4","author":"Toimittaja","date":"28\/04\/2026","format":false,"excerpt":"Kaksi kotiutusaikaa, joita ei pid\u00e4 sekoittaa Kun kasino lupaa \"alle viiden minuutin kotiutuksen\", kyseess\u00e4 on itse asiassa kaksi eri aikaa: kasinon oma k\u00e4sittelyaika ja pankkisiirron tekninen aika. Jos n\u00e4m\u00e4 niputtaa yhteen markkinoinnissa, luvattu viiden minuutin nosto venyy helposti 24 tuntiin k\u00e4yt\u00e4nn\u00f6ss\u00e4. K\u00e4sittelyaika tarkoittaa sit\u00e4 hetke\u00e4, kun nosto l\u00e4htee kasinon j\u00e4rjestelm\u00e4st\u00e4\u2026","rel":"","context":"Samankaltainen artikkeli","block_context":{"text":"Samankaltainen artikkeli","link":""},"img":{"alt_text":"","src":"https:\/\/i0.wp.com\/kuninkaantie.fi\/wp-content\/uploads\/2026\/04\/image.png?resize=350%2C200&ssl=1","width":350,"height":200,"srcset":"https:\/\/i0.wp.com\/kuninkaantie.fi\/wp-content\/uploads\/2026\/04\/image.png?resize=350%2C200&ssl=1 1x, https:\/\/i0.wp.com\/kuninkaantie.fi\/wp-content\/uploads\/2026\/04\/image.png?resize=525%2C300&ssl=1 1.5x, https:\/\/i0.wp.com\/kuninkaantie.fi\/wp-content\/uploads\/2026\/04\/image.png?resize=700%2C400&ssl=1 2x"},"classes":[]}],"_links":{"self":[{"href":"https:\/\/kuninkaantie.fi\/fi\/wp-json\/wp\/v2\/pages\/42","targetHints":{"allow":["GET"]}}],"collection":[{"href":"https:\/\/kuninkaantie.fi\/fi\/wp-json\/wp\/v2\/pages"}],"about":[{"href":"https:\/\/kuninkaantie.fi\/fi\/wp-json\/wp\/v2\/types\/page"}],"author":[{"embeddable":true,"href":"https:\/\/kuninkaantie.fi\/fi\/wp-json\/wp\/v2\/users\/4"}],"replies":[{"embeddable":true,"href":"https:\/\/kuninkaantie.fi\/fi\/wp-json\/wp\/v2\/comments?post=42"}],"version-history":[{"count":5,"href":"https:\/\/kuninkaantie.fi\/fi\/wp-json\/wp\/v2\/pages\/42\/revisions"}],"predecessor-version":[{"id":259,"href":"https:\/\/kuninkaantie.fi\/fi\/wp-json\/wp\/v2\/pages\/42\/revisions\/259"}],"wp:attachment":[{"href":"https:\/\/kuninkaantie.fi\/fi\/wp-json\/wp\/v2\/media?parent=42"}],"curies":[{"name":"wp","href":"https:\/\/api.w.org\/{rel}","templated":true}]}}